{"id":453,"date":"2017-11-09T15:42:11","date_gmt":"2017-11-09T15:42:11","guid":{"rendered":"http:\/\/thalidomide.ca\/allies-et-partenaires\/?lang=en"},"modified":"2018-04-06T14:46:36","modified_gmt":"2018-04-06T14:46:36","slug":"partners-and-allies","status":"publish","type":"page","link":"https:\/\/thalidomide.ca\/en\/partners-and-allies\/","title":{"rendered":"Partners &#038; Allies"},"content":{"rendered":"<p>[vc_row][vc_column][vc_column_text]<\/p>\n<h2>Canadian partners\u00a0&#8211;\u00a0Advocacy for persons with disabilities<\/h2>\n<p>In order to promote the interests of its members and those of the entire community of persons with disabilities throughout Canada, TVAC is a proud member of the following organizations:[\/vc_column_text][\/vc_column][\/vc_row][vc_row][vc_column width=&#8221;1\/4&#8243;][vc_single_image image=&#8221;442&#8243; img_size=&#8221;small&#8221; alignment=&#8221;center&#8221;][vc_single_image image=&#8221;441&#8243; img_size=&#8221;small&#8221; alignment=&#8221;center&#8221;][\/vc_column][vc_column width=&#8221;3\/4&#8243;][vc_column_text]<strong><a href=\"http:\/\/ccdonline.ca\" target=\"_blank\">Council of Canadians with disabilities<\/a><\/strong><\/p>\n<p>CCD is a national human rights organization of people with disabilities working for an accessible and inclusive Canada. It\u2019s an umbrella organization that gathers provincial and national disability-rights advocacy groups.<\/p>\n<p><strong><a href=\"http:\/\/cophan.org\/\" target=\"_blank\">Conf\u00e9d\u00e9ration des organismes de personnes handicap\u00e9es du Qu\u00e9bec (COPHAN)<\/a><\/strong><\/p>\n<p>COPHAN is a disability-rights advocacy regroupment which brings together some sixty organizations and regional and national groups of people with disabilities and their relatives throughout Quebec.[\/vc_column_text][\/vc_column][\/vc_row][vc_row][vc_column][vc_empty_space][vc_column_text]<\/p>\n<h2><b>Organizations representing thalidomide survivors throughout the world\u00a0<\/b><\/h2>\n<p>The tragedy of thalidomide having started in Europe and spread to other continents, TVAC is also in contact with other organizations at international and national levels throughout the world.[\/vc_column_text][vc_row_inner content_placement=&#8221;middle&#8221;][vc_column_inner width=&#8221;1\/4&#8243;][vc_single_image image=&#8221;1254&#8243; img_size=&#8221;small&#8221; alignment=&#8221;center&#8221;][\/vc_column_inner][vc_column_inner width=&#8221;3\/4&#8243;][vc_column_text]<\/p>\n<h3>Australia<\/h3>\n<p><strong><a href=\"http:\/\/www.thalidomideaustraliainc.com\/\" target=\"_blank\">Thalidomide Australia Incorporated<\/a><\/strong><\/p>\n<p>Association founded in March 2008 that supports and informs thalidomide victims living in Australia.[\/vc_column_text][\/vc_column_inner][\/vc_row_inner][vc_row_inner content_placement=&#8221;middle&#8221;][vc_column_inner width=&#8221;1\/4&#8243;][vc_single_image image=&#8221;1255&#8243; img_size=&#8221;small&#8221; alignment=&#8221;center&#8221;][\/vc_column_inner][vc_column_inner width=&#8221;3\/4&#8243;][vc_column_text]<\/p>\n<h3>Belgium<\/h3>\n<p>Association des Victimes Belges du Softenon<\/p>\n<p>Martine Olivier, responsable : <strong><a href=\"mailto:avbs@hotmail.fr\" target=\"_blank\">avbs@hotmail.fr<\/a><\/strong>[\/vc_column_text][\/vc_column_inner][\/vc_row_inner][vc_row_inner content_placement=&#8221;middle&#8221;][vc_column_inner width=&#8221;1\/4&#8243;][vc_single_image image=&#8221;1256&#8243; img_size=&#8221;small&#8221; alignment=&#8221;center&#8221;][\/vc_column_inner][vc_column_inner width=&#8221;3\/4&#8243;][vc_column_text]<\/p>\n<h3>Brazil<\/h3>\n<p><strong><a href=\"http:\/\/www.talidomida.org.br\/default.asp\" target=\"_blank\">Associa\u00e7\u00e3io brasileira dos portadores da s\u00edndrome da talidomida (ABPST)<\/a><\/strong><\/p>\n<p>Brazilian association of thalidomide victims, founded in 1992.[\/vc_column_text][\/vc_column_inner][\/vc_row_inner][vc_row_inner content_placement=&#8221;middle&#8221;][vc_column_inner width=&#8221;1\/4&#8243;][vc_single_image image=&#8221;1253&#8243; img_size=&#8221;small&#8221; alignment=&#8221;center&#8221;][\/vc_column_inner][vc_column_inner width=&#8221;3\/4&#8243;][vc_column_text]<\/p>\n<h3><strong>Germany<\/strong><\/h3>\n<p><strong><a href=\"http:\/\/www.contergan.de\/\" target=\"_blank\">Bundesverband Contergangesch\u00e4digter e. V.<\/a><\/strong><\/p>\n<p>Federal association of Contergan victims, founded in 1963. Contergan is the brand name under which thalidomide was marketed in this country.[\/vc_column_text][\/vc_column_inner][\/vc_row_inner][vc_row_inner content_placement=&#8221;middle&#8221;][vc_column_inner width=&#8221;1\/4&#8243;][vc_single_image image=&#8221;1258&#8243; img_size=&#8221;small&#8221; alignment=&#8221;center&#8221;][\/vc_column_inner][vc_column_inner width=&#8221;3\/4&#8243;][vc_column_text]<\/p>\n<h3>Ireland<\/h3>\n<p><span style=\"font-weight: 400;\">Ireland has two organizations representing thalidomide survivors: <\/span><\/p>\n<p><strong><a href=\"http:\/\/www.thalidomideireland.com\/\" target=\"_blank\">Thalidomide Ireland<\/a><\/strong><\/p>\n<p><strong><a href=\"http:\/\/irishthalidomidesurvivorssociety.webs.com\/\" target=\"_blank\">Irish Thalidomide Survivors Society<\/a><\/strong>[\/vc_column_text][\/vc_column_inner][\/vc_row_inner][vc_row_inner content_placement=&#8221;middle&#8221;][vc_column_inner width=&#8221;1\/4&#8243;][vc_single_image image=&#8221;1259&#8243; img_size=&#8221;small&#8221; alignment=&#8221;center&#8221;][\/vc_column_inner][vc_column_inner width=&#8221;3\/4&#8243;][vc_column_text]<\/p>\n<h3>Italy<\/h3>\n<p><strong><a href=\"http:\/\/www.taionlus.org\/\" target=\"_blank\">Associazione Thalidomidici Italiani ONLUS (TAI ONLUS)<\/a><\/strong><\/p>\n<p><span style=\"font-weight: 400;\">Thalidomide victims association of Italy, founded in 2004.<\/span>[\/vc_column_text][\/vc_column_inner][\/vc_row_inner][vc_row_inner content_placement=&#8221;middle&#8221;][vc_column_inner width=&#8221;1\/4&#8243;][vc_single_image image=&#8221;1260&#8243; img_size=&#8221;small&#8221; alignment=&#8221;center&#8221;][\/vc_column_inner][vc_column_inner width=&#8221;3\/4&#8243;][vc_column_text]<\/p>\n<h3>Japan<\/h3>\n<p><strong><a href=\"http:\/\/www008.upp.so-net.ne.jp\/ishizue\/\" target=\"_blank\">Ishizue Foundation<\/a><\/strong><\/p>\n<p>Organization representing and helping thalidomide victims in Japan. In 2004, the Ishizue Foundation organized an international conference to celebrate its 30th anniversary. TVAC was there.[\/vc_column_text][\/vc_column_inner][\/vc_row_inner][vc_row_inner content_placement=&#8221;middle&#8221;][vc_column_inner width=&#8221;1\/4&#8243;][vc_single_image image=&#8221;1257&#8243; img_size=&#8221;small&#8221; alignment=&#8221;center&#8221;][\/vc_column_inner][vc_column_inner width=&#8221;3\/4&#8243;][vc_column_text]<\/p>\n<h3>Spain<\/h3>\n<p><strong><a href=\"http:\/\/www.avite.org\/\" target=\"_blank\">Asociaci\u00f3n de V\u00edctimas de la Talidomida en Espa\u0148a (AVITE)<\/a><\/strong><\/p>\n<p><span style=\"font-weight: 400;\">Thalidomide victims association of Spain, founded in 2004.<\/span>[\/vc_column_text][\/vc_column_inner][\/vc_row_inner][vc_row_inner content_placement=&#8221;middle&#8221;][vc_column_inner width=&#8221;1\/4&#8243;][vc_single_image image=&#8221;1261&#8243; img_size=&#8221;small&#8221; alignment=&#8221;center&#8221;][\/vc_column_inner][vc_column_inner width=&#8221;3\/4&#8243;][vc_column_text]<\/p>\n<h3>Sweden<\/h3>\n<p><strong><a href=\"http:\/\/www.thalidomide.org\/\" target=\"_blank\">F\u00f6reningen f\u00f6r de Neurosedynskadade<\/a><\/strong><\/p>\n<p>The Swedish society of thalidomide victims is an organization that represents thalidomide survivors, but also other persons with birth defects resulting from diseases or accidents.[\/vc_column_text][\/vc_column_inner][\/vc_row_inner][vc_row_inner content_placement=&#8221;middle&#8221;][vc_column_inner width=&#8221;1\/4&#8243;][vc_single_image image=&#8221;1262&#8243; img_size=&#8221;small&#8221; alignment=&#8221;center&#8221;][\/vc_column_inner][vc_column_inner width=&#8221;3\/4&#8243;][vc_column_text]<\/p>\n<h3>United Kingdom<\/h3>\n<p><strong><a href=\"http:\/\/www.thalidomidesociety.org\/\" target=\"_blank\">Thalidomide Society<\/a><\/strong><\/p>\n<p>British association of thalidomide victims, founded in 1962. This organization represents thalidomide victims and their families and other caregivers, as well as persons living with similar birth defects.<\/p>\n<p><strong><a href=\"https:\/\/www.thalidomidetrust.org\/about-us\/\" target=\"_blank\">Thalidomide Trust<\/a><\/strong><\/p>\n<p>In addition to being in charge of administrating two funds dedicated to thalidomide Survivors in the UK. the Thalidomide Trust plays a role of information, advocacy and counselling regarding the health and wellbeing of the beneficiaries of these funds. The Thalidomide Trust is also funding a small number of research projects related to the needs of thalidomide Survivors.[\/vc_column_text][\/vc_column_inner][\/vc_row_inner][\/vc_column][\/vc_row]<\/p>\n","protected":false},"excerpt":{"rendered":"[vc_row][vc_column][vc_column_text] Canadian partners\u00a0&#8211;\u00a0Advocacy for persons with disabilities In order to promote the interests of its members and those of the entire community of persons with disabilities throughout Canada, TVAC is a proud member of the following organizations:[\/vc_column_text][\/vc_column][\/vc_row][vc_row][vc_column width=&#8221;1\/4&#8243;][vc_single_image image=&#8221;442&#8243; img_size=&#8221;small&#8221; alignment=&#8221;center&#8221;][vc_single_image image=&#8221;441&#8243; img_size=&#8221;small&#8221; alignment=&#8221;center&#8221;][\/vc_column][vc_column width=&#8221;3\/4&#8243;][vc_column_text]Council of Canadians with disabilities CCD is a national human rights&#8230; <a class=\"view-article\" href=\"https:\/\/thalidomide.ca\/en\/partners-and-allies\/\">View Article<\/a>","protected":false},"author":2,"featured_media":0,"parent":0,"menu_order":0,"comment_status":"closed","ping_status":"closed","template":"","meta":{"_acf_changed":false,"footnotes":""},"class_list":["post-453","page","type-page","status-publish","hentry"],"acf":[],"aioseo_notices":[],"_links":{"self":[{"href":"https:\/\/thalidomide.ca\/en\/wp-json\/wp\/v2\/pages\/453","targetHints":{"allow":["GET"]}}],"collection":[{"href":"https:\/\/thalidomide.ca\/en\/wp-json\/wp\/v2\/pages"}],"about":[{"href":"https:\/\/thalidomide.ca\/en\/wp-json\/wp\/v2\/types\/page"}],"author":[{"embeddable":true,"href":"https:\/\/thalidomide.ca\/en\/wp-json\/wp\/v2\/users\/2"}],"replies":[{"embeddable":true,"href":"https:\/\/thalidomide.ca\/en\/wp-json\/wp\/v2\/comments?post=453"}],"version-history":[{"count":0,"href":"https:\/\/thalidomide.ca\/en\/wp-json\/wp\/v2\/pages\/453\/revisions"}],"wp:attachment":[{"href":"https:\/\/thalidomide.ca\/en\/wp-json\/wp\/v2\/media?parent=453"}],"curies":[{"name":"wp","href":"https:\/\/api.w.org\/{rel}","templated":true}]}}