{"id":63,"date":"2017-10-23T13:52:28","date_gmt":"2017-10-23T13:52:28","guid":{"rendered":"http:\/\/thalidomide.ca\/?page_id=63&#038;lang=en"},"modified":"2017-11-09T15:58:11","modified_gmt":"2017-11-09T15:58:11","slug":"content-page","status":"publish","type":"page","link":"https:\/\/thalidomide.ca\/en\/content-page\/","title":{"rendered":"Content page"},"content":{"rendered":"<p>[vc_row][vc_column][vc_column_text]<\/p>\n<h2>Programmes et services<\/h2>\n<p>Pour favoriser l\u2019autonomie de nos membres :<br \/>\nAfin de palier \u00e0 des limitations fonctionnelles diff\u00e9rentes d\u2019une personne \u00e0 l\u2019autre, le Programme d\u2019accommodation de l\u2019ACVT est personnalis\u00e9 aux besoins sp\u00e9cifiques de ses membres.<\/p>\n<p>Le programme a pour but de s\u2019assurer que chaque victime canadienne de la thalidomide puisse maintenir et d\u00e9velopper son autonomie dans l\u2019accomplissement de toutes les activit\u00e9s de la vie quotidienne, et qu\u2019elle puisse \u00e9galement participer aux activit\u00e9s de sa communaut\u00e9. Il couvre, entre autres, diverses formes d\u2019assistance telle que :<\/p>\n<ul>\n<li>Adaptation domiciliaire et de v\u00e9hicule<\/li>\n<li>Formation \u00e0 l\u2019emploi et adaptation de poste de travail<\/li>\n<li>Aides techniques diverses, telles que pour l\u2019habillage et la pr\u00e9paration des repas<\/li>\n<li>Accompagnement en situation de d\u00e9tresse<\/li>\n<\/ul>\n<h2>Autres services<\/h2>\n<p>Le bulletin trimestriel d\u2019information \u00ab R\u00c9ACTION \u00bb offre aux membres l\u2019opportunit\u00e9 de partager leurs exp\u00e9riences et opinions. Ce bulletin diffuse \u00e9galement une vari\u00e9t\u00e9 de renseignements sur diff\u00e9rents sujets d\u2019int\u00e9r\u00eat pour les thalidomidiens canadiens. Voici le lien : <a href=\"http:\/\/www.ceciestunlien.com\">http:\/\/www.ceciestunlien.com<\/a>[\/vc_column_text][vc_column_text]<\/p>\n<blockquote><p>Le<strong>\u00a0<\/strong>Lorem Ipsum\u00a0est simplement du faux texte employ\u00e9 dans la composition et la mise en page avant impression. Le Lorem Ipsum est le faux texte standard.<\/p><\/blockquote>\n<p>[\/vc_column_text][\/vc_column][\/vc_row][vc_row][vc_column width=&#8221;1\/2&#8243;][vc_column_text]Le bulletin trimestriel d\u2019information \u00ab R\u00c9ACTION \u00bb offre aux membres l\u2019opportunit\u00e9 de partager leurs exp\u00e9riences et opinions. Ce bulletin diffuse \u00e9galement une vari\u00e9t\u00e9 de renseignements sur diff\u00e9rents sujets d\u2019int\u00e9r\u00eat pour les thalidomidiens canadiens.<\/p>\n<p>Le feuillet \u00ab <strong>INTERACTION<\/strong> \u00bb sert de lien entre le si\u00e8ge social et les membres. Il a \u00e9t\u00e9 con\u00e7u pour que ces derniers puissent recevoir des nouvelles r\u00e9centes et br\u00e8ves de l\u2019ACVT entre les parutions des bulletins R\u00e9action. Le feuillet sert de lien entre le si\u00e8ge social et les membres. Il a \u00e9t\u00e9 con\u00e7u pour que ces derniers puissent recevoir des nouvelles r\u00e9centes et br\u00e8ves de <strong>l\u2019ACVT<\/strong> entre les parutions des bulletins R\u00e9action.[\/vc_column_text][\/vc_column][vc_column width=&#8221;1\/2&#8243;][vc_single_image image=&#8221;50&#8243; img_size=&#8221;large&#8221;][\/vc_column][\/vc_row][vc_row][vc_column][vc_tta_accordion][vc_tta_section title=&#8221;Titre de section 1&#8243; tab_id=&#8221;1510169136683-e38ebef0-f59e&#8221;][vc_column_text]Je suis un bloc de texte, cliquez sur le bouton \\&#8221;\u00e9diter\\&#8221; pour me modifier. Lorem ipsum dolor sit amet, consectetur adipiscing elit. Ut elit tellus, luctus nec ullamcorper mattis, pulvinar dapibus leo.<\/p>\n<p>Je suis un bloc de texte, cliquez sur le bouton \\&#8221;\u00e9diter\\&#8221; pour me modifier. Lorem ipsum dolor sit amet, consectetur adipiscing elit. Ut elit tellus, luctus nec ullamcorper mattis, pulvinar dapibus leo.<\/p>\n<p>Je suis un bloc de texte, cliquez sur le bouton \\&#8221;\u00e9diter\\&#8221; pour me modifier. Lorem ipsum dolor sit amet, consectetur adipiscing elit. Ut elit tellus, luctus nec ullamcorper mattis, pulvinar dapibus leo.[\/vc_column_text][\/vc_tta_section][vc_tta_section title=&#8221;Titre de section 2&#8243; tab_id=&#8221;1510169136717-816597c4-8d78&#8243;][vc_column_text]Je suis un bloc de texte, cliquez sur le bouton \\&#8221;\u00e9diter\\&#8221; pour me modifier. Lorem ipsum dolor sit amet, consectetur adipiscing elit. Ut elit tellus, luctus nec ullamcorper mattis, pulvinar dapibus leo.<\/p>\n<p>Je suis un bloc de texte, cliquez sur le bouton \\&#8221;\u00e9diter\\&#8221; pour me modifier. Lorem ipsum dolor sit amet, consectetur adipiscing elit. Ut elit tellus, luctus nec ullamcorper mattis, pulvinar dapibus leo.<\/p>\n<p>Je suis un bloc de texte, cliquez sur le bouton \\&#8221;\u00e9diter\\&#8221; pour me modifier. Lorem ipsum dolor sit amet, consectetur adipiscing elit. Ut elit tellus, luctus nec ullamcorper mattis, pulvinar dapibus leo.[\/vc_column_text][\/vc_tta_section][\/vc_tta_accordion][\/vc_column][\/vc_row]<\/p>\n","protected":false},"excerpt":{"rendered":"[vc_row][vc_column][vc_column_text] Programmes et services Pour favoriser l\u2019autonomie de nos membres : Afin de palier \u00e0 des limitations fonctionnelles diff\u00e9rentes d\u2019une personne \u00e0 l\u2019autre, le Programme d\u2019accommodation de l\u2019ACVT est personnalis\u00e9 aux besoins sp\u00e9cifiques de ses membres. Le programme a pour but de s\u2019assurer que chaque victime canadienne de la thalidomide puisse maintenir et d\u00e9velopper son&#8230; <a class=\"view-article\" href=\"https:\/\/thalidomide.ca\/en\/content-page\/\">View Article<\/a>","protected":false},"author":1,"featured_media":0,"parent":0,"menu_order":0,"comment_status":"closed","ping_status":"closed","template":"","meta":{"_acf_changed":false,"footnotes":""},"class_list":["post-63","page","type-page","status-publish","hentry"],"acf":[],"aioseo_notices":[],"_links":{"self":[{"href":"https:\/\/thalidomide.ca\/en\/wp-json\/wp\/v2\/pages\/63","targetHints":{"allow":["GET"]}}],"collection":[{"href":"https:\/\/thalidomide.ca\/en\/wp-json\/wp\/v2\/pages"}],"about":[{"href":"https:\/\/thalidomide.ca\/en\/wp-json\/wp\/v2\/types\/page"}],"author":[{"embeddable":true,"href":"https:\/\/thalidomide.ca\/en\/wp-json\/wp\/v2\/users\/1"}],"replies":[{"embeddable":true,"href":"https:\/\/thalidomide.ca\/en\/wp-json\/wp\/v2\/comments?post=63"}],"version-history":[{"count":0,"href":"https:\/\/thalidomide.ca\/en\/wp-json\/wp\/v2\/pages\/63\/revisions"}],"wp:attachment":[{"href":"https:\/\/thalidomide.ca\/en\/wp-json\/wp\/v2\/media?parent=63"}],"curies":[{"name":"wp","href":"https:\/\/api.w.org\/{rel}","templated":true}]}}